{"id":8,"date":"2013-05-14T18:04:03","date_gmt":"2013-05-14T18:04:03","guid":{"rendered":"http:\/\/www.bigfoot.com.br\/?page_id=8"},"modified":"2025-11-26T16:10:53","modified_gmt":"2025-11-26T19:10:53","slug":"empresa","status":"publish","type":"page","link":"http:\/\/www.bigfoot.com.br\/","title":{"rendered":"Empresa"},"content":{"rendered":"<p>[et_pb_section fb_built=&#8221;1&#8243; fullwidth=&#8221;on&#8221; admin_label=&#8221;Se\u00e7\u00e3o&#8221; _builder_version=&#8221;4.17.0&#8243; background_enable_image=&#8221;off&#8221; background_size=&#8221;contain&#8221; global_colors_info=&#8221;{}&#8221;][et_pb_fullwidth_header title=&#8221;Nossa Empresa&#8221; subhead=&#8221;Saiba um pouco mais sobre a BIGFOOT&#8221; content_max_width=&#8221;none&#8221; admin_label=&#8221;Cabe\u00e7alho de Largura Completa&#8221; _builder_version=&#8221;4.17.0&#8243; background_enable_color=&#8221;off&#8221; use_background_color_gradient=&#8221;on&#8221; background_color_gradient_stops=&#8221;#b3b3b3 0%|#474747 100%&#8221; background_color_gradient_overlays_image=&#8221;on&#8221; background_image=&#8221;http:\/\/www.bigfoot.com.br\/wp-content\/uploads\/fundo_titulos.jpg&#8221; module_alignment=&#8221;left&#8221; max_height=&#8221;150px&#8221; custom_margin=&#8221;-30px||||false|false&#8221; button_one_letter_spacing_hover=&#8221;0&#8243; button_two_letter_spacing_hover=&#8221;0&#8243; global_colors_info=&#8221;{}&#8221; button_one_text_size__hover_enabled=&#8221;off&#8221; button_two_text_size__hover_enabled=&#8221;off&#8221; button_one_text_color__hover_enabled=&#8221;off&#8221; button_two_text_color__hover_enabled=&#8221;off&#8221; button_one_border_width__hover_enabled=&#8221;off&#8221; button_two_border_width__hover_enabled=&#8221;off&#8221; button_one_border_color__hover_enabled=&#8221;off&#8221; button_two_border_color__hover_enabled=&#8221;off&#8221; button_one_border_radius__hover_enabled=&#8221;off&#8221; button_two_border_radius__hover_enabled=&#8221;off&#8221; button_one_letter_spacing__hover_enabled=&#8221;on&#8221; button_one_letter_spacing__hover=&#8221;0&#8243; button_two_letter_spacing__hover_enabled=&#8221;on&#8221; button_two_letter_spacing__hover=&#8221;0&#8243; button_one_bg_color__hover_enabled=&#8221;off&#8221; button_two_bg_color__hover_enabled=&#8221;off&#8221;][\/et_pb_fullwidth_header][\/et_pb_section][et_pb_section fb_built=&#8221;1&#8243; admin_label=&#8221;section&#8221; _builder_version=&#8221;4.17.0&#8243; top_divider_style=&#8221;waves2&#8243; top_divider_color=&#8221;#474747&#8243; top_divider_height=&#8221;20px&#8221; top_divider_repeat=&#8221;2x&#8221; top_divider_arrangement=&#8221;above_content&#8221; bottom_divider_style=&#8221;waves2&#8243; bottom_divider_color=&#8221;#565656&#8243; bottom_divider_height=&#8221;27px&#8221; bottom_divider_repeat=&#8221;2x&#8221; hover_enabled=&#8221;0&#8243; box_shadow_style=&#8221;preset6&#8243; global_colors_info=&#8221;{}&#8221; sticky_enabled=&#8221;0&#8243;][et_pb_row column_structure=&#8221;1_3,2_3&#8243; admin_label=&#8221;row&#8221; _builder_version=&#8221;4.17.0&#8243; background_size=&#8221;initial&#8221; background_position=&#8221;top_left&#8221; background_repeat=&#8221;repeat&#8221; global_colors_info=&#8221;{}&#8221; min_height=&#8221;535px&#8221;][et_pb_column type=&#8221;1_3&#8243; _builder_version=&#8221;4.16&#8243; custom_padding=&#8221;|||&#8221; global_colors_info=&#8221;{}&#8221; custom_padding__hover=&#8221;|||&#8221;][et_pb_map address=&#8221;Rua Francisca Biriba, 638 &#8211; Santa Teresinha, S\u00e3o Paulo &#8211; SP, 02451-040, Brasil&#8221; address_lat=&#8221;-23.49583156678&#8243; address_lng=&#8221;-46.644170657147&#8243; _builder_version=&#8221;4.17.0&#8243; _module_preset=&#8221;default&#8221; hover_enabled=&#8221;0&#8243; border_radii=&#8221;on|1px|1px|1px|1px&#8221; border_width_all=&#8221;2px&#8221; border_color_all=&#8221;#0C71C3&#8243; box_shadow_style=&#8221;preset1&#8243; global_colors_info=&#8221;{}&#8221; sticky_enabled=&#8221;0&#8243; zoom_level=&#8221;16&#8243;][et_pb_map_pin title=&#8221;BIGFOOT&#8221; pin_address=&#8221;Rua Francisca Biriba, 638 &#8211; Santa Teresinha, S\u00e3o Paulo &#8211; SP, 02451-040, Brasil&#8221; zoom_level=&#8221;17&#8243; pin_address_lat=&#8221;-23.4964662&#8243; pin_address_lng=&#8221;-46.6435913&#8243; _builder_version=&#8221;4.17.0&#8243; _module_preset=&#8221;default&#8221; global_colors_info=&#8221;{}&#8221;][\/et_pb_map_pin][\/et_pb_map][\/et_pb_column][et_pb_column type=&#8221;2_3&#8243; _builder_version=&#8221;4.17.0&#8243; custom_padding=&#8221;|||&#8221; global_colors_info=&#8221;{}&#8221; custom_padding__hover=&#8221;|||&#8221;][et_pb_text admin_label=&#8221;Texto&#8221; _builder_version=&#8221;4.17.0&#8243; text_font_size=&#8221;17&#8243; background_size=&#8221;initial&#8221; background_position=&#8221;top_left&#8221; background_repeat=&#8221;repeat&#8221; use_border_color=&#8221;off&#8221; border_color=&#8221;#ffffff&#8221; border_style=&#8221;solid&#8221; global_colors_info=&#8221;{}&#8221;]<\/p>\n<p>Desde 1996 no mercado de componentes eletr\u00f4nicos, a <strong><em>Big Foot <\/em><\/strong> conta com uma variedade de mais de 15 mil itens em estoque.<\/p>\n<blockquote>\n<p>A grande credibilidade da nossa empresa, vem da alta qualidade dos produtos oferecidos, garantia do melhor pre\u00e7o do mercado, profissionais qualificados e a disponibilidade de marcas reconhecidas nacional e internacionalmente.<\/p>\n<\/blockquote>\n<p>No atacado e varejo a <em><strong>Big Foot<\/strong><\/em> atende clientes em todo o pa\u00eds garantindo qualidade, agilidade e pontualidade na entrega dos produtos. Ap\u00f3s 25 anos na regi\u00e3o da Santa Ifig\u00eania, estamos em novo endere\u00e7o no Bairro Santa Teresinha, com excelente localiza\u00e7\u00e3o, seguran\u00e7a e f\u00e1cil acesso para as principais avenidas.<\/p>\n<p><span style=\"font-size: large;\"><em><strong>\u00a0<\/strong><\/em><\/span><span style=\"color: #e02b20;\"><span style=\"font-size: large;\"><em><strong>Estamos em um novo endere\u00e7o! Aguardamos sua visita.<\/strong><\/em><\/span><a href=\"http:\/\/www.bigfoot.com.br\/wp-content\/uploads\/285662_map_icon.png\" style=\"color: #e02b20;\"><img loading=\"lazy\" decoding=\"async\" src=\"http:\/\/www.bigfoot.com.br\/wp-content\/uploads\/285662_map_icon.png\" alt=\"\" class=\"wp-image-360 alignnone size-full\" style=\"float: left;\" width=\"32\" height=\"32\" \/><\/a><\/span><\/p>\n<blockquote>\n<p>Na <em><strong>Big Foot<\/strong><\/em> voc\u00ea encontra uma grande diversidade em componentes eletr\u00f4nicos, linha \u00e1udio, micro-ondas, acess\u00f3rios, ferramentas e muito mais.<\/p>\n<\/blockquote>\n<p>Venha nos conhecer, nossa equipe de profissionais est\u00e1 pronta para atend\u00ea-lo. Se preferir, entre em contato por telefone ou e-mail e fa\u00e7a a sua cota\u00e7\u00e3o.<\/p>\n<p>[\/et_pb_text][\/et_pb_column][\/et_pb_row][\/et_pb_section]<\/p>\n","protected":false},"excerpt":{"rendered":"<p>Desde 1996 no mercado de componentes eletr\u00f4nicos, a Big Foot conta com uma variedade de mais de 15 mil itens em estoque. A grande credibilidade da nossa empresa, vem da alta qualidade dos produtos oferecidos, garantia do melhor pre\u00e7o do mercado, profissionais qualificados e a disponibilidade de marcas reconhecidas nacional e internacionalmente. No atacado e [&hellip;]<\/p>\n","protected":false},"author":1,"featured_media":0,"parent":0,"menu_order":0,"comment_status":"open","ping_status":"open","template":"","meta":{"_et_pb_use_builder":"on","_et_pb_old_content":"","_et_gb_content_width":"","footnotes":""},"class_list":["post-8","page","type-page","status-publish","hentry"],"_links":{"self":[{"href":"http:\/\/www.bigfoot.com.br\/index.php?rest_route=\/wp\/v2\/pages\/8","targetHints":{"allow":["GET"]}}],"collection":[{"href":"http:\/\/www.bigfoot.com.br\/index.php?rest_route=\/wp\/v2\/pages"}],"about":[{"href":"http:\/\/www.bigfoot.com.br\/index.php?rest_route=\/wp\/v2\/types\/page"}],"author":[{"embeddable":true,"href":"http:\/\/www.bigfoot.com.br\/index.php?rest_route=\/wp\/v2\/users\/1"}],"replies":[{"embeddable":true,"href":"http:\/\/www.bigfoot.com.br\/index.php?rest_route=%2Fwp%2Fv2%2Fcomments&post=8"}],"version-history":[{"count":34,"href":"http:\/\/www.bigfoot.com.br\/index.php?rest_route=\/wp\/v2\/pages\/8\/revisions"}],"predecessor-version":[{"id":422,"href":"http:\/\/www.bigfoot.com.br\/index.php?rest_route=\/wp\/v2\/pages\/8\/revisions\/422"}],"wp:attachment":[{"href":"http:\/\/www.bigfoot.com.br\/index.php?rest_route=%2Fwp%2Fv2%2Fmedia&parent=8"}],"curies":[{"name":"wp","href":"https:\/\/api.w.org\/{rel}","templated":true}]}}